{"id":186,"date":"2024-07-29T15:10:03","date_gmt":"2024-07-29T15:10:03","guid":{"rendered":"https:\/\/www.hotelprincealbert-opera.com\/hotel-prince-albert-opera-hotel-design\/"},"modified":"2024-10-01T13:21:16","modified_gmt":"2024-10-01T13:21:16","slug":"hotel-prince-albert-opera-hotel-design","status":"publish","type":"page","link":"https:\/\/www.hotelprincealbert-opera.com\/en\/","title":{"rendered":"H\u00f4tel Prince Albert Op\u00e9ra *** Hotel Design"},"content":{"rendered":"<p style=\"text-align: center;\">Welcome to the H\u00f4tel Prince Albert Op\u00e9ra, a fully renovated boutique hotel nestled in the heart of Paris&#8217; prestigious Op\u00e9ra district. Ideally located just steps away from the famous Galeries Lafayette, our establishment invites you to enjoy an elegant and comfortable setting, blending Parisian charm with modernity.<\/p>\n<p style=\"text-align: center;\">With only 30 rooms, we guarantee you an intimate and personalized experience.<\/p>\n<p style=\"text-align: center;\">Each room has been carefully designed to offer optimal comfort, though we unfortunately do not have rooms accessible to guests with reduced mobility. Additionally, to ensure the peace and quiet of our guests, pets are not allowed.<\/p>\n<p style=\"text-align: center;\">Whether you&#8217;re in Paris for business or to explore the treasures of the City of Light, H\u00f4tel Prince Albert Op\u00e9ra promises you an unforgettable stay in a warm and refined atmosphere.<\/p>\n","protected":false},"excerpt":{"rendered":"<p>Welcome to the H\u00f4tel Prince Albert Op\u00e9ra, a fully renovated boutique hotel nestled in the heart of Paris&#8217; prestigious Op\u00e9ra district. Ideally located just steps away from the famous Galeries Lafayette, our establishment invites you to enjoy an elegant and comfortable setting, blending Parisian charm with modernity. With only 30 rooms, we guarantee you an [&hellip;]<\/p>\n","protected":false},"author":27,"featured_media":0,"parent":0,"menu_order":0,"comment_status":"closed","ping_status":"closed","template":"","meta":{"footnotes":""},"class_list":["post-186","page","type-page","status-publish","hentry"],"yoast_head":"<!-- This site is optimized with the Yoast SEO plugin v27.3 - https:\/\/yoast.com\/product\/yoast-seo-wordpress\/ -->\n<title>H\u00f4tel Prince Albert Op\u00e9ra *** Hotel Design - Prince Albert Op\u00e9ra<\/title>\n<meta name=\"robots\" content=\"index, follow, max-snippet:-1, max-image-preview:large, max-video-preview:-1\" \/>\n<link rel=\"canonical\" href=\"https:\/\/www.hotelprincealbert-opera.com\/en\/\" \/>\n<meta property=\"og:locale\" content=\"en_US\" \/>\n<meta property=\"og:type\" content=\"article\" \/>\n<meta property=\"og:title\" content=\"H\u00f4tel Prince Albert Op\u00e9ra *** Hotel Design - Prince Albert Op\u00e9ra\" \/>\n<meta property=\"og:description\" content=\"Welcome to the H\u00f4tel Prince Albert Op\u00e9ra, a fully renovated boutique hotel nestled in the heart of Paris&#8217; prestigious Op\u00e9ra district. Ideally located just steps away from the famous Galeries Lafayette, our establishment invites you to enjoy an elegant and comfortable setting, blending Parisian charm with modernity. With only 30 rooms, we guarantee you an [&hellip;]\" \/>\n<meta property=\"og:url\" content=\"https:\/\/www.hotelprincealbert-opera.com\/en\/\" \/>\n<meta property=\"og:site_name\" content=\"Prince Albert Op\u00e9ra\" \/>\n<meta property=\"article:modified_time\" content=\"2024-10-01T13:21:16+00:00\" \/>\n<meta name=\"twitter:card\" content=\"summary_large_image\" \/>\n<meta name=\"twitter:label1\" content=\"Est. reading time\" \/>\n\t<meta name=\"twitter:data1\" content=\"1 minute\" \/>\n<script type=\"application\/ld+json\" class=\"yoast-schema-graph\">{\"@context\":\"https:\\\/\\\/schema.org\",\"@graph\":[{\"@type\":\"WebPage\",\"@id\":\"https:\\\/\\\/www.hotelprincealbert-opera.com\\\/en\\\/\",\"url\":\"https:\\\/\\\/www.hotelprincealbert-opera.com\\\/en\\\/\",\"name\":\"H\u00f4tel Prince Albert Op\u00e9ra *** Hotel Design - Prince Albert Op\u00e9ra\",\"isPartOf\":{\"@id\":\"https:\\\/\\\/www.hotelprincealbert-opera.com\\\/en\\\/#website\"},\"datePublished\":\"2024-07-29T15:10:03+00:00\",\"dateModified\":\"2024-10-01T13:21:16+00:00\",\"breadcrumb\":{\"@id\":\"https:\\\/\\\/www.hotelprincealbert-opera.com\\\/en\\\/#breadcrumb\"},\"inLanguage\":\"en-US\",\"potentialAction\":[{\"@type\":\"ReadAction\",\"target\":[\"https:\\\/\\\/www.hotelprincealbert-opera.com\\\/en\\\/\"]}]},{\"@type\":\"BreadcrumbList\",\"@id\":\"https:\\\/\\\/www.hotelprincealbert-opera.com\\\/en\\\/#breadcrumb\",\"itemListElement\":[{\"@type\":\"ListItem\",\"position\":1,\"name\":\"Home\",\"item\":\"https:\\\/\\\/www.hotelprincealbert-opera.com\\\/en\\\/\"},{\"@type\":\"ListItem\",\"position\":2,\"name\":\"H\u00f4tel Prince Albert Op\u00e9ra *** Hotel Design\"}]},{\"@type\":\"WebSite\",\"@id\":\"https:\\\/\\\/www.hotelprincealbert-opera.com\\\/en\\\/#website\",\"url\":\"https:\\\/\\\/www.hotelprincealbert-opera.com\\\/en\\\/\",\"name\":\"Prince Albert Op\u00e9ra\",\"description\":\"\",\"publisher\":{\"@id\":\"https:\\\/\\\/www.hotelprincealbert-opera.com\\\/en\\\/#organization\"},\"potentialAction\":[{\"@type\":\"SearchAction\",\"target\":{\"@type\":\"EntryPoint\",\"urlTemplate\":\"https:\\\/\\\/www.hotelprincealbert-opera.com\\\/en\\\/?s={search_term_string}\"},\"query-input\":{\"@type\":\"PropertyValueSpecification\",\"valueRequired\":true,\"valueName\":\"search_term_string\"}}],\"inLanguage\":\"en-US\"},{\"@type\":\"Organization\",\"@id\":\"https:\\\/\\\/www.hotelprincealbert-opera.com\\\/en\\\/#organization\",\"name\":\"Prince Albert Op\u00e9ra\",\"url\":\"https:\\\/\\\/www.hotelprincealbert-opera.com\\\/en\\\/\",\"logo\":{\"@type\":\"ImageObject\",\"inLanguage\":\"en-US\",\"@id\":\"https:\\\/\\\/www.hotelprincealbert-opera.com\\\/en\\\/#\\\/schema\\\/logo\\\/image\\\/\",\"url\":\"https:\\\/\\\/prince-albert-opera.ms2.decms.eu\\\/wp-content\\\/uploads\\\/sites\\\/163\\\/2024\\\/07\\\/logo-transparent-1.png\",\"contentUrl\":\"https:\\\/\\\/prince-albert-opera.ms2.decms.eu\\\/wp-content\\\/uploads\\\/sites\\\/163\\\/2024\\\/07\\\/logo-transparent-1.png\",\"width\":640,\"height\":349,\"caption\":\"Prince Albert Op\u00e9ra\"},\"image\":{\"@id\":\"https:\\\/\\\/www.hotelprincealbert-opera.com\\\/en\\\/#\\\/schema\\\/logo\\\/image\\\/\"}}]}<\/script>\n<!-- \/ Yoast SEO plugin. -->","yoast_head_json":{"title":"H\u00f4tel Prince Albert Op\u00e9ra *** Hotel Design - Prince Albert Op\u00e9ra","robots":{"index":"index","follow":"follow","max-snippet":"max-snippet:-1","max-image-preview":"max-image-preview:large","max-video-preview":"max-video-preview:-1"},"canonical":"https:\/\/www.hotelprincealbert-opera.com\/en\/","og_locale":"en_US","og_type":"article","og_title":"H\u00f4tel Prince Albert Op\u00e9ra *** Hotel Design - Prince Albert Op\u00e9ra","og_description":"Welcome to the H\u00f4tel Prince Albert Op\u00e9ra, a fully renovated boutique hotel nestled in the heart of Paris&#8217; prestigious Op\u00e9ra district. Ideally located just steps away from the famous Galeries Lafayette, our establishment invites you to enjoy an elegant and comfortable setting, blending Parisian charm with modernity. With only 30 rooms, we guarantee you an [&hellip;]","og_url":"https:\/\/www.hotelprincealbert-opera.com\/en\/","og_site_name":"Prince Albert Op\u00e9ra","article_modified_time":"2024-10-01T13:21:16+00:00","twitter_card":"summary_large_image","twitter_misc":{"Est. reading time":"1 minute"},"schema":{"@context":"https:\/\/schema.org","@graph":[{"@type":"WebPage","@id":"https:\/\/www.hotelprincealbert-opera.com\/en\/","url":"https:\/\/www.hotelprincealbert-opera.com\/en\/","name":"H\u00f4tel Prince Albert Op\u00e9ra *** Hotel Design - Prince Albert Op\u00e9ra","isPartOf":{"@id":"https:\/\/www.hotelprincealbert-opera.com\/en\/#website"},"datePublished":"2024-07-29T15:10:03+00:00","dateModified":"2024-10-01T13:21:16+00:00","breadcrumb":{"@id":"https:\/\/www.hotelprincealbert-opera.com\/en\/#breadcrumb"},"inLanguage":"en-US","potentialAction":[{"@type":"ReadAction","target":["https:\/\/www.hotelprincealbert-opera.com\/en\/"]}]},{"@type":"BreadcrumbList","@id":"https:\/\/www.hotelprincealbert-opera.com\/en\/#breadcrumb","itemListElement":[{"@type":"ListItem","position":1,"name":"Home","item":"https:\/\/www.hotelprincealbert-opera.com\/en\/"},{"@type":"ListItem","position":2,"name":"H\u00f4tel Prince Albert Op\u00e9ra *** Hotel Design"}]},{"@type":"WebSite","@id":"https:\/\/www.hotelprincealbert-opera.com\/en\/#website","url":"https:\/\/www.hotelprincealbert-opera.com\/en\/","name":"Prince Albert Op\u00e9ra","description":"","publisher":{"@id":"https:\/\/www.hotelprincealbert-opera.com\/en\/#organization"},"potentialAction":[{"@type":"SearchAction","target":{"@type":"EntryPoint","urlTemplate":"https:\/\/www.hotelprincealbert-opera.com\/en\/?s={search_term_string}"},"query-input":{"@type":"PropertyValueSpecification","valueRequired":true,"valueName":"search_term_string"}}],"inLanguage":"en-US"},{"@type":"Organization","@id":"https:\/\/www.hotelprincealbert-opera.com\/en\/#organization","name":"Prince Albert Op\u00e9ra","url":"https:\/\/www.hotelprincealbert-opera.com\/en\/","logo":{"@type":"ImageObject","inLanguage":"en-US","@id":"https:\/\/www.hotelprincealbert-opera.com\/en\/#\/schema\/logo\/image\/","url":"https:\/\/prince-albert-opera.ms2.decms.eu\/wp-content\/uploads\/sites\/163\/2024\/07\/logo-transparent-1.png","contentUrl":"https:\/\/prince-albert-opera.ms2.decms.eu\/wp-content\/uploads\/sites\/163\/2024\/07\/logo-transparent-1.png","width":640,"height":349,"caption":"Prince Albert Op\u00e9ra"},"image":{"@id":"https:\/\/www.hotelprincealbert-opera.com\/en\/#\/schema\/logo\/image\/"}}]}},"acf":[],"_links":{"self":[{"href":"https:\/\/www.hotelprincealbert-opera.com\/en\/wp-json\/wp\/v2\/pages\/186","targetHints":{"allow":["GET"]}}],"collection":[{"href":"https:\/\/www.hotelprincealbert-opera.com\/en\/wp-json\/wp\/v2\/pages"}],"about":[{"href":"https:\/\/www.hotelprincealbert-opera.com\/en\/wp-json\/wp\/v2\/types\/page"}],"author":[{"embeddable":true,"href":"https:\/\/www.hotelprincealbert-opera.com\/en\/wp-json\/wp\/v2\/users\/27"}],"replies":[{"embeddable":true,"href":"https:\/\/www.hotelprincealbert-opera.com\/en\/wp-json\/wp\/v2\/comments?post=186"}],"version-history":[{"count":0,"href":"https:\/\/www.hotelprincealbert-opera.com\/en\/wp-json\/wp\/v2\/pages\/186\/revisions"}],"wp:attachment":[{"href":"https:\/\/www.hotelprincealbert-opera.com\/en\/wp-json\/wp\/v2\/media?parent=186"}],"curies":[{"name":"wp","href":"https:\/\/api.w.org\/{rel}","templated":true}]}}