{"id":233,"date":"2024-07-29T15:10:03","date_gmt":"2024-07-29T15:10:03","guid":{"rendered":"https:\/\/www.hotelprincealbert-opera.com\/hotel-prince-albert-opera-hotel-design\/"},"modified":"2024-10-01T08:50:03","modified_gmt":"2024-10-01T08:50:03","slug":"hotel-prince-albert-opera-hotel-design","status":"publish","type":"page","link":"https:\/\/www.hotelprincealbert-opera.com\/pt-pt\/","title":{"rendered":"H\u00f4tel Prince Albert Op\u00e9ra *** Design do Hotel"},"content":{"rendered":"<p style=\"text-align: center;\">Bem-vindo ao H\u00f4tel Prince Albert Op\u00e9ra, um boutique hotel totalmente renovado, situado no cora\u00e7\u00e3o do prestigioso bairro da \u00d3pera, em Paris. Idealmente localizado a poucos passos das famosas Galeries Lafayette, o nosso estabelecimento convida-o a desfrutar de um ambiente elegante e confort\u00e1vel, que combina o charme parisiense com a modernidade.<\/p>\n<p style=\"text-align: center;\">Com apenas 30 quartos, garantimos uma experi\u00eancia \u00edntima e personalizada.<\/p>\n<p style=\"text-align: center;\">Cada quarto foi cuidadosamente projetado para oferecer o m\u00e1ximo de conforto, mas infelizmente n\u00e3o temos quartos acess\u00edveis para pessoas com mobilidade reduzida. Al\u00e9m disso, para garantir a tranquilidade dos nossos h\u00f3spedes, animais de estima\u00e7\u00e3o n\u00e3o s\u00e3o permitidos.<\/p>\n<p style=\"text-align: center;\">Quer esteja em Paris a neg\u00f3cios ou para descobrir os tesouros da cidade luz, o H\u00f4tel Prince Albert Op\u00e9ra promete uma estadia inesquec\u00edvel num ambiente acolhedor e refinado.<\/p>\n","protected":false},"excerpt":{"rendered":"<p>Bem-vindo ao H\u00f4tel Prince Albert Op\u00e9ra, um boutique hotel totalmente renovado, situado no cora\u00e7\u00e3o do prestigioso bairro da \u00d3pera, em Paris. Idealmente localizado a poucos passos das famosas Galeries Lafayette, o nosso estabelecimento convida-o a desfrutar de um ambiente elegante e confort\u00e1vel, que combina o charme parisiense com a modernidade. Com apenas 30 quartos, garantimos [&hellip;]<\/p>\n","protected":false},"author":27,"featured_media":0,"parent":0,"menu_order":0,"comment_status":"closed","ping_status":"closed","template":"","meta":{"footnotes":""},"yoast_head":"<!-- This site is optimized with the Yoast SEO plugin v22.3 - https:\/\/yoast.com\/wordpress\/plugins\/seo\/ -->\n<title>H\u00f4tel Prince Albert Op\u00e9ra *** Design do Hotel - Prince Albert Op\u00e9ra<\/title>\n<meta name=\"robots\" content=\"index, follow, max-snippet:-1, max-image-preview:large, max-video-preview:-1\" \/>\n<link rel=\"canonical\" href=\"https:\/\/www.hotelprincealbert-opera.com\/pt-pt\/\" \/>\n<meta property=\"og:locale\" content=\"pt_PT\" \/>\n<meta property=\"og:type\" content=\"article\" \/>\n<meta property=\"og:title\" content=\"H\u00f4tel Prince Albert Op\u00e9ra *** Design do Hotel - Prince Albert Op\u00e9ra\" \/>\n<meta property=\"og:description\" content=\"Bem-vindo ao H\u00f4tel Prince Albert Op\u00e9ra, um boutique hotel totalmente renovado, situado no cora\u00e7\u00e3o do prestigioso bairro da \u00d3pera, em Paris. Idealmente localizado a poucos passos das famosas Galeries Lafayette, o nosso estabelecimento convida-o a desfrutar de um ambiente elegante e confort\u00e1vel, que combina o charme parisiense com a modernidade. Com apenas 30 quartos, garantimos [&hellip;]\" \/>\n<meta property=\"og:url\" content=\"https:\/\/www.hotelprincealbert-opera.com\/pt-pt\/\" \/>\n<meta property=\"og:site_name\" content=\"Prince Albert Op\u00e9ra\" \/>\n<meta property=\"article:modified_time\" content=\"2024-10-01T08:50:03+00:00\" \/>\n<meta name=\"twitter:card\" content=\"summary_large_image\" \/>\n<meta name=\"twitter:label1\" content=\"Tempo estimado de leitura\" \/>\n\t<meta name=\"twitter:data1\" content=\"1 minuto\" \/>\n<script type=\"application\/ld+json\" class=\"yoast-schema-graph\">{\"@context\":\"https:\/\/schema.org\",\"@graph\":[{\"@type\":\"WebPage\",\"@id\":\"https:\/\/www.hotelprincealbert-opera.com\/pt-pt\/\",\"url\":\"https:\/\/www.hotelprincealbert-opera.com\/pt-pt\/\",\"name\":\"H\u00f4tel Prince Albert Op\u00e9ra *** Design do Hotel - Prince Albert Op\u00e9ra\",\"isPartOf\":{\"@id\":\"https:\/\/www.hotelprincealbert-opera.com\/pt-pt\/#website\"},\"datePublished\":\"2024-07-29T15:10:03+00:00\",\"dateModified\":\"2024-10-01T08:50:03+00:00\",\"breadcrumb\":{\"@id\":\"https:\/\/www.hotelprincealbert-opera.com\/pt-pt\/#breadcrumb\"},\"inLanguage\":\"pt-PT\",\"potentialAction\":[{\"@type\":\"ReadAction\",\"target\":[\"https:\/\/www.hotelprincealbert-opera.com\/pt-pt\/\"]}]},{\"@type\":\"BreadcrumbList\",\"@id\":\"https:\/\/www.hotelprincealbert-opera.com\/pt-pt\/#breadcrumb\",\"itemListElement\":[{\"@type\":\"ListItem\",\"position\":1,\"name\":\"Home\",\"item\":\"https:\/\/www.hotelprincealbert-opera.com\/pt-pt\/\"},{\"@type\":\"ListItem\",\"position\":2,\"name\":\"H\u00f4tel Prince Albert Op\u00e9ra *** Design do Hotel\"}]},{\"@type\":\"WebSite\",\"@id\":\"https:\/\/www.hotelprincealbert-opera.com\/pt-pt\/#website\",\"url\":\"https:\/\/www.hotelprincealbert-opera.com\/pt-pt\/\",\"name\":\"Prince Albert Op\u00e9ra\",\"description\":\"\",\"publisher\":{\"@id\":\"https:\/\/www.hotelprincealbert-opera.com\/pt-pt\/#organization\"},\"potentialAction\":[{\"@type\":\"SearchAction\",\"target\":{\"@type\":\"EntryPoint\",\"urlTemplate\":\"https:\/\/www.hotelprincealbert-opera.com\/pt-pt\/?s={search_term_string}\"},\"query-input\":\"required name=search_term_string\"}],\"inLanguage\":\"pt-PT\"},{\"@type\":\"Organization\",\"@id\":\"https:\/\/www.hotelprincealbert-opera.com\/pt-pt\/#organization\",\"name\":\"Prince Albert Op\u00e9ra\",\"url\":\"https:\/\/www.hotelprincealbert-opera.com\/pt-pt\/\",\"logo\":{\"@type\":\"ImageObject\",\"inLanguage\":\"pt-PT\",\"@id\":\"https:\/\/www.hotelprincealbert-opera.com\/pt-pt\/#\/schema\/logo\/image\/\",\"url\":\"https:\/\/prince-albert-opera.ms2.decms.eu\/wp-content\/uploads\/sites\/163\/2024\/07\/logo-transparent-1.png\",\"contentUrl\":\"https:\/\/prince-albert-opera.ms2.decms.eu\/wp-content\/uploads\/sites\/163\/2024\/07\/logo-transparent-1.png\",\"width\":640,\"height\":349,\"caption\":\"Prince Albert Op\u00e9ra\"},\"image\":{\"@id\":\"https:\/\/www.hotelprincealbert-opera.com\/pt-pt\/#\/schema\/logo\/image\/\"}}]}<\/script>\n<!-- \/ Yoast SEO plugin. -->","yoast_head_json":{"title":"H\u00f4tel Prince Albert Op\u00e9ra *** Design do Hotel - Prince Albert Op\u00e9ra","robots":{"index":"index","follow":"follow","max-snippet":"max-snippet:-1","max-image-preview":"max-image-preview:large","max-video-preview":"max-video-preview:-1"},"canonical":"https:\/\/www.hotelprincealbert-opera.com\/pt-pt\/","og_locale":"pt_PT","og_type":"article","og_title":"H\u00f4tel Prince Albert Op\u00e9ra *** Design do Hotel - Prince Albert Op\u00e9ra","og_description":"Bem-vindo ao H\u00f4tel Prince Albert Op\u00e9ra, um boutique hotel totalmente renovado, situado no cora\u00e7\u00e3o do prestigioso bairro da \u00d3pera, em Paris. Idealmente localizado a poucos passos das famosas Galeries Lafayette, o nosso estabelecimento convida-o a desfrutar de um ambiente elegante e confort\u00e1vel, que combina o charme parisiense com a modernidade. Com apenas 30 quartos, garantimos [&hellip;]","og_url":"https:\/\/www.hotelprincealbert-opera.com\/pt-pt\/","og_site_name":"Prince Albert Op\u00e9ra","article_modified_time":"2024-10-01T08:50:03+00:00","twitter_card":"summary_large_image","twitter_misc":{"Tempo estimado de leitura":"1 minuto"},"schema":{"@context":"https:\/\/schema.org","@graph":[{"@type":"WebPage","@id":"https:\/\/www.hotelprincealbert-opera.com\/pt-pt\/","url":"https:\/\/www.hotelprincealbert-opera.com\/pt-pt\/","name":"H\u00f4tel Prince Albert Op\u00e9ra *** Design do Hotel - Prince Albert Op\u00e9ra","isPartOf":{"@id":"https:\/\/www.hotelprincealbert-opera.com\/pt-pt\/#website"},"datePublished":"2024-07-29T15:10:03+00:00","dateModified":"2024-10-01T08:50:03+00:00","breadcrumb":{"@id":"https:\/\/www.hotelprincealbert-opera.com\/pt-pt\/#breadcrumb"},"inLanguage":"pt-PT","potentialAction":[{"@type":"ReadAction","target":["https:\/\/www.hotelprincealbert-opera.com\/pt-pt\/"]}]},{"@type":"BreadcrumbList","@id":"https:\/\/www.hotelprincealbert-opera.com\/pt-pt\/#breadcrumb","itemListElement":[{"@type":"ListItem","position":1,"name":"Home","item":"https:\/\/www.hotelprincealbert-opera.com\/pt-pt\/"},{"@type":"ListItem","position":2,"name":"H\u00f4tel Prince Albert Op\u00e9ra *** Design do Hotel"}]},{"@type":"WebSite","@id":"https:\/\/www.hotelprincealbert-opera.com\/pt-pt\/#website","url":"https:\/\/www.hotelprincealbert-opera.com\/pt-pt\/","name":"Prince Albert Op\u00e9ra","description":"","publisher":{"@id":"https:\/\/www.hotelprincealbert-opera.com\/pt-pt\/#organization"},"potentialAction":[{"@type":"SearchAction","target":{"@type":"EntryPoint","urlTemplate":"https:\/\/www.hotelprincealbert-opera.com\/pt-pt\/?s={search_term_string}"},"query-input":"required name=search_term_string"}],"inLanguage":"pt-PT"},{"@type":"Organization","@id":"https:\/\/www.hotelprincealbert-opera.com\/pt-pt\/#organization","name":"Prince Albert Op\u00e9ra","url":"https:\/\/www.hotelprincealbert-opera.com\/pt-pt\/","logo":{"@type":"ImageObject","inLanguage":"pt-PT","@id":"https:\/\/www.hotelprincealbert-opera.com\/pt-pt\/#\/schema\/logo\/image\/","url":"https:\/\/prince-albert-opera.ms2.decms.eu\/wp-content\/uploads\/sites\/163\/2024\/07\/logo-transparent-1.png","contentUrl":"https:\/\/prince-albert-opera.ms2.decms.eu\/wp-content\/uploads\/sites\/163\/2024\/07\/logo-transparent-1.png","width":640,"height":349,"caption":"Prince Albert Op\u00e9ra"},"image":{"@id":"https:\/\/www.hotelprincealbert-opera.com\/pt-pt\/#\/schema\/logo\/image\/"}}]}},"acf":[],"_links":{"self":[{"href":"https:\/\/www.hotelprincealbert-opera.com\/pt-pt\/wp-json\/wp\/v2\/pages\/233"}],"collection":[{"href":"https:\/\/www.hotelprincealbert-opera.com\/pt-pt\/wp-json\/wp\/v2\/pages"}],"about":[{"href":"https:\/\/www.hotelprincealbert-opera.com\/pt-pt\/wp-json\/wp\/v2\/types\/page"}],"author":[{"embeddable":true,"href":"https:\/\/www.hotelprincealbert-opera.com\/pt-pt\/wp-json\/wp\/v2\/users\/27"}],"replies":[{"embeddable":true,"href":"https:\/\/www.hotelprincealbert-opera.com\/pt-pt\/wp-json\/wp\/v2\/comments?post=233"}],"version-history":[{"count":0,"href":"https:\/\/www.hotelprincealbert-opera.com\/pt-pt\/wp-json\/wp\/v2\/pages\/233\/revisions"}],"wp:attachment":[{"href":"https:\/\/www.hotelprincealbert-opera.com\/pt-pt\/wp-json\/wp\/v2\/media?parent=233"}],"curies":[{"name":"wp","href":"https:\/\/api.w.org\/{rel}","templated":true}]}}