{"id":242,"date":"2024-07-31T09:41:57","date_gmt":"2024-07-31T09:41:57","guid":{"rendered":"https:\/\/www.hotelprincealbert-opera.com\/mentions-legales\/"},"modified":"2024-10-01T10:37:46","modified_gmt":"2024-10-01T10:37:46","slug":"mentions-legales","status":"publish","type":"page","link":"https:\/\/www.hotelprincealbert-opera.com\/pt-pt\/mentions-legales\/","title":{"rendered":"Termos legais"},"content":{"rendered":"<p><strong>\u00c9DITEUR<\/strong><br \/>\nLa Soci\u00e9t\u00e9 D-EDGE<br \/>\nADRESSE : 66, rue des Archives<br \/>\n\u00e0 PARIS (75003)<br \/>\nRCS PARIS N\u00b0 431 513 852<br \/>\nRegistre du Commerce et des Soci\u00e9t\u00e9s n\u00b0RCS<br \/>\nPARIS 431 513 852<br \/>\nCapital: 12 700 298.40\u20ac<\/p>\n<p><strong>H\u00e9bergeur<\/strong><br \/>\nWPEngine, Inc. Irongate House,<br \/>\nAdresse : 22-30 Duke\u2019s Place Londres, EC3A 7LP,<br \/>\nRoyaume-Uni<br \/>\nT\u00e9l\u00e9phone : 08 00 50 53 049<\/p>\n<p><strong>PROPRI\u00c9T\u00c9 INTELLECTUELLE<\/strong><br \/>\nLe Site dans son ensemble, ainsi que chacun des \u00e9l\u00e9ments qui le composent (notamment, textes, sch\u00e9mas, arborescences, logiciels, animations, images, photographies, illustrations, vid\u00e9os, repr\u00e9sentations graphiques ou \u00e9ditoriales, logos, etc.) constituent des \u0153uvres de l\u2019esprit prot\u00e9g\u00e9s par le Code de la propri\u00e9t\u00e9 intellectuelle ainsi que par toute autre l\u00e9gislation internationale applicable.<\/p>\n<p>Hotels Prince Albert est seule habilit\u00e9e (directement ou par l\u2019effet de licences ou autorisations) \u00e0 utiliser les \u00e9l\u00e9ments composant le Site, les noms de domaine, les marques, mod\u00e8les, etc. ainsi que les images et contenus \u00e9ditoriaux qui y sont reproduits.<\/p>\n<p>L\u2019usage de tout ou partie du Site, notamment par t\u00e9l\u00e9chargement, reproduction, transmission, repr\u00e9sentation ou diffusion \u00e0 d\u2019autres fins que la consultation et l\u2019utilisation du Site \u00e0 titre personnel et priv\u00e9 par l\u2019internaute dans un but non commercial est strictement interdit. La violation de ces dispositions expose son auteur aux sanctions pr\u00e9vues tant par le Code de la propri\u00e9t\u00e9 intellectuelle au titre notamment de la contrefa\u00e7on de droits d\u2019auteur, de droit de marques que par le Code civil en mati\u00e8re de responsabilit\u00e9 civile.<\/p>\n<p>La cr\u00e9ation de tout lien hypertexte renvoyant \u00e0 l\u2019une quelconque des pages web ou \u00e9l\u00e9ments composant le Site est interdite sauf autorisation \u00e9crite et pr\u00e9alable de Hotels Prince Albert, laquelle autorisation pouvant \u00eatre r\u00e9voqu\u00e9e \u00e0 tout moment. Tout contenu, site internet ou autre ayant un lien hypertexte dirigeant vers le Site ou vers l\u2019un quelconque des \u00e9l\u00e9ments qui le composent ne sont pas sous le contr\u00f4le de Hotels Prince Albert et celle-ci d\u00e9cline par cons\u00e9quent toute responsabilit\u00e9 (notamment, \u00e9ditoriale) concernant l\u2019acc\u00e8s \u00e0 ces sites et leur contenu.<\/p>\n<p><strong>DISPONIBILIT\u00c9 DU SITE<\/strong><br \/>\nHotels Prince Albert s\u2019efforce, dans la mesure du possible, de maintenir accessible de mani\u00e8re permanente le Site, mais n\u2019est tenue \u00e0 aucune obligation d\u2019y parvenir. Hotels Prince Albert peut donc interrompre l\u2019acc\u00e8s au Site, notamment pour des raisons de maintenance ou de mise \u00e0 jour, ou pour toutes autres raisons, notamment techniques ou \u00e9ditoriales et ce, sans pr\u00e9avis ni information pr\u00e9alable des internautes, sans que Hotels Prince Albert ne puisse \u00eatre tenue pour responsable des cons\u00e9quences de ces interruptions aussi bien \u00e0 l\u2019\u00e9gard des internautes que de tout tiers.<\/p>\n<p>Par ailleurs, Hotels Prince Albert ne saurait \u00eatre tenue pour responsable si des internautes ne parvenaient pas \u00e0 acc\u00e9der \u00e0 tout ou partie du Site du fait de tout d\u00e9faut technique ou de tout probl\u00e8me notamment et non limitativement li\u00e9 \u00e0 :<\/p>\n<p>une d\u00e9faillance et\/ou un encombrement du r\u00e9seau Internet,<br \/>\nune d\u00e9faillance des fournisseurs d\u2019acc\u00e8s Internet,<br \/>\nune erreur humaine ou d\u2019origine \u00e9lectrique,<br \/>\ntoute intervention malveillante,<br \/>\ntous dysfonctionnements de logiciel ou de mat\u00e9riel,<br \/>\nun cas de force majeure.<br \/>\nHotels Prince Albert s\u2019efforce d\u2019assurer au mieux de ses possibilit\u00e9s l\u2019exactitude et la mise \u00e0 jour des informations diffus\u00e9es sur le Site, dont elle se r\u00e9serve le droit de modifier, \u00e0 tout moment et sans pr\u00e9avis, le contenu.<\/p>\n<p>Toutefois, Hotels Prince Albert ne peut garantir l\u2019exactitude, la pr\u00e9cision et l\u2019exhaustivit\u00e9 des informations mises \u00e0 disposition sur le Site, lesquelles informations ne constituent ni une garantie ni un engagement de la part de Hotels Prince Albert \u00e0 l\u2019\u00e9gard de l\u2019internaute. En particulier, cette derni\u00e8re ne saurait \u00eatre tenue pour responsable :<\/p>\n<p>de toute impr\u00e9cision, inexactitude ou omission desdites informations ;<br \/>\nde tout dommage \u00e9ventuel r\u00e9sultant d\u2019une intrusion informatique d\u2019un tiers ayant entra\u00een\u00e9 une modification desdites informations ;<br \/>\net, plus g\u00e9n\u00e9ralement, de tous dommages, directs ou indirects, qu\u2019elles qu\u2019en soient les causes, origines, natures et cons\u00e9quences, li\u00e9es \u00e0 l\u2019acc\u00e8s (ou \u00e0 l\u2019impossibilit\u00e9 d\u2019acc\u00e9der au Site), au contenu, \u00e0 l\u2019utilisation du Site et\/ou au cr\u00e9dit accord\u00e9 \u00e0 une quelconque information provenant de ce dernier<br \/>\n\u200bM\u00e9diation du tourisme et du voyage (MTV)<br \/>\n15 Avenue Carnot<br \/>\n75017 Paris<br \/>\n01.42.67.96.68<br \/>\nwww.mtv.travel<\/p>\n<p><strong>Dispositif Bloctel<\/strong><br \/>\nPour ne plus recevoir des appels t\u00e9l\u00e9phoniques commerciaux non sollicit\u00e9s, vous pouvez vous inscrire sur la liste <a href=\"https:\/\/www.bloctel.gouv.fr\/accueil\">Bloctel<\/a>.<\/p>\n","protected":false},"excerpt":{"rendered":"<p>\u00c9DITEUR La Soci\u00e9t\u00e9 D-EDGE ADRESSE : 66, rue des Archives \u00e0 PARIS (75003) RCS PARIS N\u00b0 431 513 852 Registre du Commerce et des Soci\u00e9t\u00e9s n\u00b0RCS PARIS 431 513 852 Capital: 12 700 298.40\u20ac H\u00e9bergeur WPEngine, Inc. Irongate House, Adresse : 22-30 Duke\u2019s Place Londres, EC3A 7LP, Royaume-Uni T\u00e9l\u00e9phone : 08 00 50 53 049 [&hellip;]<\/p>\n","protected":false},"author":27,"featured_media":0,"parent":0,"menu_order":0,"comment_status":"closed","ping_status":"closed","template":"","meta":{"footnotes":""},"yoast_head":"<!-- This site is optimized with the Yoast SEO plugin v22.3 - https:\/\/yoast.com\/wordpress\/plugins\/seo\/ -->\n<title>Termos legais - Prince Albert Op\u00e9ra<\/title>\n<meta name=\"robots\" content=\"index, follow, max-snippet:-1, max-image-preview:large, max-video-preview:-1\" \/>\n<link rel=\"canonical\" href=\"https:\/\/www.hotelprincealbert-opera.com\/pt-pt\/mentions-legales\/\" \/>\n<meta property=\"og:locale\" content=\"pt_PT\" \/>\n<meta property=\"og:type\" content=\"article\" \/>\n<meta property=\"og:title\" content=\"Termos legais - Prince Albert Op\u00e9ra\" \/>\n<meta property=\"og:description\" content=\"\u00c9DITEUR La Soci\u00e9t\u00e9 D-EDGE ADRESSE : 66, rue des Archives \u00e0 PARIS (75003) RCS PARIS N\u00b0 431 513 852 Registre du Commerce et des Soci\u00e9t\u00e9s n\u00b0RCS PARIS 431 513 852 Capital: 12 700 298.40\u20ac H\u00e9bergeur WPEngine, Inc. Irongate House, Adresse : 22-30 Duke\u2019s Place Londres, EC3A 7LP, Royaume-Uni T\u00e9l\u00e9phone : 08 00 50 53 049 [&hellip;]\" \/>\n<meta property=\"og:url\" content=\"https:\/\/www.hotelprincealbert-opera.com\/pt-pt\/mentions-legales\/\" \/>\n<meta property=\"og:site_name\" content=\"Prince Albert Op\u00e9ra\" \/>\n<meta property=\"article:modified_time\" content=\"2024-10-01T10:37:46+00:00\" \/>\n<meta name=\"twitter:card\" content=\"summary_large_image\" \/>\n<meta name=\"twitter:label1\" content=\"Tempo estimado de leitura\" \/>\n\t<meta name=\"twitter:data1\" content=\"4 minutos\" \/>\n<script type=\"application\/ld+json\" class=\"yoast-schema-graph\">{\"@context\":\"https:\/\/schema.org\",\"@graph\":[{\"@type\":\"WebPage\",\"@id\":\"https:\/\/www.hotelprincealbert-opera.com\/pt-pt\/mentions-legales\/\",\"url\":\"https:\/\/www.hotelprincealbert-opera.com\/pt-pt\/mentions-legales\/\",\"name\":\"Termos legais - Prince Albert Op\u00e9ra\",\"isPartOf\":{\"@id\":\"https:\/\/www.hotelprincealbert-opera.com\/pt-pt\/#website\"},\"datePublished\":\"2024-07-31T09:41:57+00:00\",\"dateModified\":\"2024-10-01T10:37:46+00:00\",\"breadcrumb\":{\"@id\":\"https:\/\/www.hotelprincealbert-opera.com\/pt-pt\/mentions-legales\/#breadcrumb\"},\"inLanguage\":\"pt-PT\",\"potentialAction\":[{\"@type\":\"ReadAction\",\"target\":[\"https:\/\/www.hotelprincealbert-opera.com\/pt-pt\/mentions-legales\/\"]}]},{\"@type\":\"BreadcrumbList\",\"@id\":\"https:\/\/www.hotelprincealbert-opera.com\/pt-pt\/mentions-legales\/#breadcrumb\",\"itemListElement\":[{\"@type\":\"ListItem\",\"position\":1,\"name\":\"Home\",\"item\":\"https:\/\/www.hotelprincealbert-opera.com\/pt-pt\/\"},{\"@type\":\"ListItem\",\"position\":2,\"name\":\"Termos legais\"}]},{\"@type\":\"WebSite\",\"@id\":\"https:\/\/www.hotelprincealbert-opera.com\/pt-pt\/#website\",\"url\":\"https:\/\/www.hotelprincealbert-opera.com\/pt-pt\/\",\"name\":\"Prince Albert Op\u00e9ra\",\"description\":\"\",\"publisher\":{\"@id\":\"https:\/\/www.hotelprincealbert-opera.com\/pt-pt\/#organization\"},\"potentialAction\":[{\"@type\":\"SearchAction\",\"target\":{\"@type\":\"EntryPoint\",\"urlTemplate\":\"https:\/\/www.hotelprincealbert-opera.com\/pt-pt\/?s={search_term_string}\"},\"query-input\":\"required name=search_term_string\"}],\"inLanguage\":\"pt-PT\"},{\"@type\":\"Organization\",\"@id\":\"https:\/\/www.hotelprincealbert-opera.com\/pt-pt\/#organization\",\"name\":\"Prince Albert Op\u00e9ra\",\"url\":\"https:\/\/www.hotelprincealbert-opera.com\/pt-pt\/\",\"logo\":{\"@type\":\"ImageObject\",\"inLanguage\":\"pt-PT\",\"@id\":\"https:\/\/www.hotelprincealbert-opera.com\/pt-pt\/#\/schema\/logo\/image\/\",\"url\":\"https:\/\/prince-albert-opera.ms2.decms.eu\/wp-content\/uploads\/sites\/163\/2024\/07\/logo-transparent-1.png\",\"contentUrl\":\"https:\/\/prince-albert-opera.ms2.decms.eu\/wp-content\/uploads\/sites\/163\/2024\/07\/logo-transparent-1.png\",\"width\":640,\"height\":349,\"caption\":\"Prince Albert Op\u00e9ra\"},\"image\":{\"@id\":\"https:\/\/www.hotelprincealbert-opera.com\/pt-pt\/#\/schema\/logo\/image\/\"}}]}<\/script>\n<!-- \/ Yoast SEO plugin. -->","yoast_head_json":{"title":"Termos legais - Prince Albert Op\u00e9ra","robots":{"index":"index","follow":"follow","max-snippet":"max-snippet:-1","max-image-preview":"max-image-preview:large","max-video-preview":"max-video-preview:-1"},"canonical":"https:\/\/www.hotelprincealbert-opera.com\/pt-pt\/mentions-legales\/","og_locale":"pt_PT","og_type":"article","og_title":"Termos legais - Prince Albert Op\u00e9ra","og_description":"\u00c9DITEUR La Soci\u00e9t\u00e9 D-EDGE ADRESSE : 66, rue des Archives \u00e0 PARIS (75003) RCS PARIS N\u00b0 431 513 852 Registre du Commerce et des Soci\u00e9t\u00e9s n\u00b0RCS PARIS 431 513 852 Capital: 12 700 298.40\u20ac H\u00e9bergeur WPEngine, Inc. Irongate House, Adresse : 22-30 Duke\u2019s Place Londres, EC3A 7LP, Royaume-Uni T\u00e9l\u00e9phone : 08 00 50 53 049 [&hellip;]","og_url":"https:\/\/www.hotelprincealbert-opera.com\/pt-pt\/mentions-legales\/","og_site_name":"Prince Albert Op\u00e9ra","article_modified_time":"2024-10-01T10:37:46+00:00","twitter_card":"summary_large_image","twitter_misc":{"Tempo estimado de leitura":"4 minutos"},"schema":{"@context":"https:\/\/schema.org","@graph":[{"@type":"WebPage","@id":"https:\/\/www.hotelprincealbert-opera.com\/pt-pt\/mentions-legales\/","url":"https:\/\/www.hotelprincealbert-opera.com\/pt-pt\/mentions-legales\/","name":"Termos legais - Prince Albert Op\u00e9ra","isPartOf":{"@id":"https:\/\/www.hotelprincealbert-opera.com\/pt-pt\/#website"},"datePublished":"2024-07-31T09:41:57+00:00","dateModified":"2024-10-01T10:37:46+00:00","breadcrumb":{"@id":"https:\/\/www.hotelprincealbert-opera.com\/pt-pt\/mentions-legales\/#breadcrumb"},"inLanguage":"pt-PT","potentialAction":[{"@type":"ReadAction","target":["https:\/\/www.hotelprincealbert-opera.com\/pt-pt\/mentions-legales\/"]}]},{"@type":"BreadcrumbList","@id":"https:\/\/www.hotelprincealbert-opera.com\/pt-pt\/mentions-legales\/#breadcrumb","itemListElement":[{"@type":"ListItem","position":1,"name":"Home","item":"https:\/\/www.hotelprincealbert-opera.com\/pt-pt\/"},{"@type":"ListItem","position":2,"name":"Termos legais"}]},{"@type":"WebSite","@id":"https:\/\/www.hotelprincealbert-opera.com\/pt-pt\/#website","url":"https:\/\/www.hotelprincealbert-opera.com\/pt-pt\/","name":"Prince Albert Op\u00e9ra","description":"","publisher":{"@id":"https:\/\/www.hotelprincealbert-opera.com\/pt-pt\/#organization"},"potentialAction":[{"@type":"SearchAction","target":{"@type":"EntryPoint","urlTemplate":"https:\/\/www.hotelprincealbert-opera.com\/pt-pt\/?s={search_term_string}"},"query-input":"required name=search_term_string"}],"inLanguage":"pt-PT"},{"@type":"Organization","@id":"https:\/\/www.hotelprincealbert-opera.com\/pt-pt\/#organization","name":"Prince Albert Op\u00e9ra","url":"https:\/\/www.hotelprincealbert-opera.com\/pt-pt\/","logo":{"@type":"ImageObject","inLanguage":"pt-PT","@id":"https:\/\/www.hotelprincealbert-opera.com\/pt-pt\/#\/schema\/logo\/image\/","url":"https:\/\/prince-albert-opera.ms2.decms.eu\/wp-content\/uploads\/sites\/163\/2024\/07\/logo-transparent-1.png","contentUrl":"https:\/\/prince-albert-opera.ms2.decms.eu\/wp-content\/uploads\/sites\/163\/2024\/07\/logo-transparent-1.png","width":640,"height":349,"caption":"Prince Albert Op\u00e9ra"},"image":{"@id":"https:\/\/www.hotelprincealbert-opera.com\/pt-pt\/#\/schema\/logo\/image\/"}}]}},"acf":[],"_links":{"self":[{"href":"https:\/\/www.hotelprincealbert-opera.com\/pt-pt\/wp-json\/wp\/v2\/pages\/242"}],"collection":[{"href":"https:\/\/www.hotelprincealbert-opera.com\/pt-pt\/wp-json\/wp\/v2\/pages"}],"about":[{"href":"https:\/\/www.hotelprincealbert-opera.com\/pt-pt\/wp-json\/wp\/v2\/types\/page"}],"author":[{"embeddable":true,"href":"https:\/\/www.hotelprincealbert-opera.com\/pt-pt\/wp-json\/wp\/v2\/users\/27"}],"replies":[{"embeddable":true,"href":"https:\/\/www.hotelprincealbert-opera.com\/pt-pt\/wp-json\/wp\/v2\/comments?post=242"}],"version-history":[{"count":0,"href":"https:\/\/www.hotelprincealbert-opera.com\/pt-pt\/wp-json\/wp\/v2\/pages\/242\/revisions"}],"wp:attachment":[{"href":"https:\/\/www.hotelprincealbert-opera.com\/pt-pt\/wp-json\/wp\/v2\/media?parent=242"}],"curies":[{"name":"wp","href":"https:\/\/api.w.org\/{rel}","templated":true}]}}